{"id":157,"date":"2014-02-28T14:24:36","date_gmt":"2014-02-28T13:24:36","guid":{"rendered":"http:\/\/www.saueregger.at\/?page_id=157"},"modified":"2021-06-16T15:05:40","modified_gmt":"2021-06-16T13:05:40","slug":"baerlauch","status":"publish","type":"page","link":"http:\/\/www.saueregger.at\/?page_id=157","title":{"rendered":"B\u00e4rlauch"},"content":{"rendered":"<p>Wunderbar gesunder B\u00e4rlauch, gut schmeckend, einfach zu verarbeiten, dort wo er w\u00e4chst gerne gleich massenhaft vorhanden &#8211; ein echtes Geschenk der Natur.<\/p>\n<p><a href=\"http:\/\/www.saueregger.at\/wordpress\/wp-content\/uploads\/2014\/02\/b\u00e4rlauchfeld_7164.jpg\"><img loading=\"lazy\" class=\"aligncenter size-full wp-image-161\" src=\"http:\/\/www.saueregger.at\/wordpress\/wp-content\/uploads\/2014\/02\/b\u00e4rlauchfeld_7164.jpg\" alt=\"b\u00e4rlauchfeld\" width=\"560\" height=\"371\" srcset=\"http:\/\/www.saueregger.at\/wordpress\/wp-content\/uploads\/2014\/02\/b\u00e4rlauchfeld_7164.jpg 560w, http:\/\/www.saueregger.at\/wordpress\/wp-content\/uploads\/2014\/02\/b\u00e4rlauchfeld_7164-150x99.jpg 150w, http:\/\/www.saueregger.at\/wordpress\/wp-content\/uploads\/2014\/02\/b\u00e4rlauchfeld_7164-500x331.jpg 500w, http:\/\/www.saueregger.at\/wordpress\/wp-content\/uploads\/2014\/02\/b\u00e4rlauchfeld_7164-452x300.jpg 452w\" sizes=\"(max-width: 560px) 85vw, 560px\" \/><\/a>Was sollen da l\u00e4stige Unkenrufe nach Vorsicht und m\u00f6glichen Verwechslungen. Der ge\u00fcbte B\u00e4rlauchfan lebt in der Gewissheit, die Bl\u00e4tter &#8222;praktisch blind&#8220; zu erkennen. Und das im wahrsten Sinne des Wortes: Sie riechen ja sowieso so eindeutig nach Knoblauch. Das tun sie wirklich, besonders nach Verletzung. Also beim Zerreiben, oder Abrei\u00dfen.<\/p>\n<p>Aber bitte denke daran, dass der Knoblauchgeruch die H\u00e4nde l\u00e4nger begleitet &#8211; und bald alles nach Knoblauch riecht, was du dir damit an deine Nase h\u00e4ltst.<\/p>\n<p>Also schauen wir gemeinsam ein bisschen genauer hin.<\/p>\n<p>Wenn du fr\u00fch im Jahr unterwegs ist, wenn die Bl\u00e4tter noch jung und klein sind&#8230; dann wirst du auch an diesen schon charakteristische Merkmale finden:<\/p>\n<p><a href=\"http:\/\/www.saueregger.at\/wordpress\/wp-content\/uploads\/2014\/02\/jungeBlaetter_1336.jpg\"><img loading=\"lazy\" class=\"aligncenter size-full wp-image-163\" src=\"http:\/\/www.saueregger.at\/wordpress\/wp-content\/uploads\/2014\/02\/jungeBlaetter_1336.jpg\" alt=\"junge B\u00e4rlauchbl\u00e4tter\" width=\"540\" height=\"517\" srcset=\"http:\/\/www.saueregger.at\/wordpress\/wp-content\/uploads\/2014\/02\/jungeBlaetter_1336.jpg 540w, http:\/\/www.saueregger.at\/wordpress\/wp-content\/uploads\/2014\/02\/jungeBlaetter_1336-150x143.jpg 150w, http:\/\/www.saueregger.at\/wordpress\/wp-content\/uploads\/2014\/02\/jungeBlaetter_1336-417x400.jpg 417w, http:\/\/www.saueregger.at\/wordpress\/wp-content\/uploads\/2014\/02\/jungeBlaetter_1336-313x300.jpg 313w\" sizes=\"(max-width: 540px) 85vw, 540px\" \/><\/a>Junge B\u00e4rlauchbl\u00e4tter entrollen sich von beiden Seiten. Die noch eingerollten Blattseiten sind auf der R\u00fcckseite beidseitig zu sehen. Die Bl\u00e4tter stehen zwar dicht, aber einzeln.<\/p>\n<p>Der wei\u00dfe Blattzipfel ganz in Bodenn\u00e4he ist nicht immer zu sehen (h\u00e4ufig liegen auch noch dicht die alten Bl\u00e4tter vom Herbst auf dem Boden und verstecken das wei\u00dfe H\u00e4utchen). Das sind Reste der Zwiebel, aus der die Bl\u00e4tter hervorbrechen. WENN ein derartiges H\u00e4utchen zu sehen ist, so ist es jedenfalls WEISS!! (Im Gegensatz dazu hat das Maigl\u00f6ckchen eine eindeutig r\u00f6tliche oder rot gepunktete Blattscheide!)<\/p>\n<p>Ist der B\u00e4rlauch schon etwas gr\u00f6\u00dfer, sieht man seine endg\u00fcltige Blattform auch bereits besser: &#8222;lanzettlich&#8220; &#8211; also l\u00e4nglich, symmetrisch und spitz zulaufend.<\/p>\n<p><a href=\"http:\/\/www.saueregger.at\/wordpress\/wp-content\/uploads\/2014\/02\/Blattunterseite_6872.jpg\"><img loading=\"lazy\" class=\"aligncenter size-full wp-image-166\" src=\"http:\/\/www.saueregger.at\/wordpress\/wp-content\/uploads\/2014\/02\/Blattunterseite_6872.jpg\" alt=\"Blattunterseite_6872\" width=\"560\" height=\"420\" srcset=\"http:\/\/www.saueregger.at\/wordpress\/wp-content\/uploads\/2014\/02\/Blattunterseite_6872.jpg 560w, http:\/\/www.saueregger.at\/wordpress\/wp-content\/uploads\/2014\/02\/Blattunterseite_6872-150x112.jpg 150w, http:\/\/www.saueregger.at\/wordpress\/wp-content\/uploads\/2014\/02\/Blattunterseite_6872-500x375.jpg 500w, http:\/\/www.saueregger.at\/wordpress\/wp-content\/uploads\/2014\/02\/Blattunterseite_6872-400x300.jpg 400w\" sizes=\"(max-width: 560px) 85vw, 560px\" \/><\/a>Oben ist die Unterseite eines B\u00e4rlauchblattes zu sehen. Die Blattnerven laufen parallel, also die L\u00e4nge des Blattes begleitend, sind aber wenig auff\u00e4llig. Nur der Mittelnerv ist st\u00e4rker zu sehen. B\u00e4rlauchbl\u00e4tter sind sch\u00f6n &#8222;gr\u00fcn&#8220;&#8230; was man hier im Vergleich mit den Schneegl\u00f6ckchenbl\u00e4ttern gut sehen kann. Die Schneegl\u00f6ckchenbl\u00e4tter haben einen leichten &#8222;Blaustich&#8220;.<\/p>\n<p>Sollte ein B\u00e4rlauchblatt einmal einen Blaustich haben: Finger weg.<\/p>\n<p>Hier ist noch einmal eine Gruppe B\u00e4rlauchbl\u00e4tter &#8222;von vorne&#8220;, also die Blattoberseiten sind zu sehen.<\/p>\n<p><a href=\"http:\/\/www.saueregger.at\/wordpress\/wp-content\/uploads\/2014\/02\/b\u00e4rlauchgruppe_6865.jpg\"><img loading=\"lazy\" class=\"aligncenter size-full wp-image-168\" src=\"http:\/\/www.saueregger.at\/wordpress\/wp-content\/uploads\/2014\/02\/b\u00e4rlauchgruppe_6865.jpg\" alt=\"b\u00e4rlauchgruppe_6865\" width=\"560\" height=\"434\" srcset=\"http:\/\/www.saueregger.at\/wordpress\/wp-content\/uploads\/2014\/02\/b\u00e4rlauchgruppe_6865.jpg 560w, http:\/\/www.saueregger.at\/wordpress\/wp-content\/uploads\/2014\/02\/b\u00e4rlauchgruppe_6865-150x116.jpg 150w, http:\/\/www.saueregger.at\/wordpress\/wp-content\/uploads\/2014\/02\/b\u00e4rlauchgruppe_6865-500x387.jpg 500w, http:\/\/www.saueregger.at\/wordpress\/wp-content\/uploads\/2014\/02\/b\u00e4rlauchgruppe_6865-387x300.jpg 387w\" sizes=\"(max-width: 560px) 85vw, 560px\" \/><\/a>Noch einmal zusammengefasst:<br \/>\nDie Blattform ist lanzettlich und am Ende zugespitzt. Ein Mittelnerv ist sichtbar. Die Bl\u00e4tter laufen in Bodenn\u00e4he einzeln (!) in einen Blattstiel \u00fcber. Falls sichtbar ist ein wei\u00dfes (!) H\u00e4utchen ganz am Boden zu finden. Die Bl\u00e4tter sind Gr\u00fcn (ohne Blaustich), weich und lassen sich sehr leicht mit der Hand abernten.<\/p>\n<p>Die Blattunterseite ist matt (!). Wie sehr d\u00fcnn wei\u00df beschichtet&#8230;.<\/p>\n<p>Bitte verwende keine Schere oder Messer zum Abschneiden (lieber d\u00fcnne Gummihandschuhe zum Pfl\u00fccken). Denn sind die Bl\u00e4tter sehr fest und lassen sich nicht abrei\u00dfen&#8230;\u00a0 Finger weg!<\/p>\n<p>Die matte Blattunterseite ist in nassem Zustand am sch\u00f6nsten zu sehen. Zu Hause beim Waschen der Bl\u00e4tter ist also noch einmal Gelegenheit deine Ernte zu kontrollieren.<\/p>\n<p><a href=\"http:\/\/www.saueregger.at\/wordpress\/wp-content\/uploads\/2014\/02\/waschen_6716.jpg\"><img loading=\"lazy\" class=\"aligncenter size-full wp-image-171\" src=\"http:\/\/www.saueregger.at\/wordpress\/wp-content\/uploads\/2014\/02\/waschen_6716.jpg\" alt=\"waschen_6716\" width=\"500\" height=\"402\" srcset=\"http:\/\/www.saueregger.at\/wordpress\/wp-content\/uploads\/2014\/02\/waschen_6716.jpg 500w, http:\/\/www.saueregger.at\/wordpress\/wp-content\/uploads\/2014\/02\/waschen_6716-150x120.jpg 150w, http:\/\/www.saueregger.at\/wordpress\/wp-content\/uploads\/2014\/02\/waschen_6716-497x400.jpg 497w, http:\/\/www.saueregger.at\/wordpress\/wp-content\/uploads\/2014\/02\/waschen_6716-373x300.jpg 373w\" sizes=\"(max-width: 500px) 85vw, 500px\" \/><\/a>Die Blattform, der helle Mittelnerv, die matte Unterseite, die gr\u00fcne Oberseite&#8230; ich hoffe, es gibt bald keinen mehr, der das auch nur mit irgendwas anderem verwechselt.<\/p>\n<p>Meistens gibt es noch einen wichtigen Hinweis: der Standort. Wo im Fr\u00fchling der B\u00e4rlauch w\u00e4chst, wird im Sommer dichter Schatten sein. Die ersten jungen Bl\u00e4tter m\u00fcssen meist noch durch eine dichte Schicht restlicher Bl\u00e4tter vom Herbst, die den Boden bedecken.<\/p>\n<p><a href=\"http:\/\/www.saueregger.at\/wordpress\/wp-content\/uploads\/2014\/02\/b\u00e4rlauchknospen_1899.jpg\"><img loading=\"lazy\" class=\"aligncenter size-full wp-image-169\" src=\"http:\/\/www.saueregger.at\/wordpress\/wp-content\/uploads\/2014\/02\/b\u00e4rlauchknospen_1899.jpg\" alt=\"b\u00e4rlauchknospen_1899\" width=\"560\" height=\"420\" srcset=\"http:\/\/www.saueregger.at\/wordpress\/wp-content\/uploads\/2014\/02\/b\u00e4rlauchknospen_1899.jpg 560w, http:\/\/www.saueregger.at\/wordpress\/wp-content\/uploads\/2014\/02\/b\u00e4rlauchknospen_1899-150x112.jpg 150w, http:\/\/www.saueregger.at\/wordpress\/wp-content\/uploads\/2014\/02\/b\u00e4rlauchknospen_1899-500x375.jpg 500w, http:\/\/www.saueregger.at\/wordpress\/wp-content\/uploads\/2014\/02\/b\u00e4rlauchknospen_1899-400x300.jpg 400w\" sizes=\"(max-width: 560px) 85vw, 560px\" \/><\/a>Schon wenn die Bl\u00fctenknospen erscheinen &#8211; und damit das Ende der B\u00e4rlauchsaison einleiten &#8211; treiben die B\u00e4ume mehr und mehr frische Bl\u00e4tter und der Schatten beginnt den Boden zu erobern.<\/p>\n<p>Wenn die Knospen aufbrechen und die Bl\u00fctezeit beginnt, dann ist die Ernte der Bl\u00e4tter im Prinzip vorbei. Sie werden auch h\u00e4rter und grobfaseriger und lassen sich nicht mehr so leicht ernten. Die Kraft wandert nun in die Bl\u00fcten- und Samenbildung &#8211; und die Bl\u00e4tter beginnen Reserven f\u00fcr das n\u00e4chste Jahr in die Zwiebeln zur\u00fcckzutransportieren.<\/p>\n<p><a href=\"http:\/\/www.saueregger.at\/wordpress\/wp-content\/uploads\/2014\/02\/standort_2122.jpg\"><img loading=\"lazy\" class=\"aligncenter size-full wp-image-170\" src=\"http:\/\/www.saueregger.at\/wordpress\/wp-content\/uploads\/2014\/02\/standort_2122.jpg\" alt=\"standort_2122\" width=\"560\" height=\"401\" srcset=\"http:\/\/www.saueregger.at\/wordpress\/wp-content\/uploads\/2014\/02\/standort_2122.jpg 560w, http:\/\/www.saueregger.at\/wordpress\/wp-content\/uploads\/2014\/02\/standort_2122-150x107.jpg 150w, http:\/\/www.saueregger.at\/wordpress\/wp-content\/uploads\/2014\/02\/standort_2122-500x358.jpg 500w, http:\/\/www.saueregger.at\/wordpress\/wp-content\/uploads\/2014\/02\/standort_2122-418x300.jpg 418w\" sizes=\"(max-width: 560px) 85vw, 560px\" \/><\/a>Standorte unter B\u00e4umen, in Auen oder feuchten Senken, entlang von kleinen B\u00e4chen&#8230; n\u00e4hrstoff- und wasserreich.. so f\u00fchlt sich B\u00e4rlauch wohl.<\/p>\n<p>Bald werden die B\u00e4ume ihr dichtes Blattwerk vollendet haben. Der B\u00e4rlauch und die anderen Fr\u00fchjahresbl\u00fcher, die die kurze warme und sonnige Phase unter sommergr\u00fcnen Laubb\u00e4umen auszun\u00fctzen gelernt haben, ziehen sich in den Boden zur\u00fcck.<\/p>\n","protected":false},"excerpt":{"rendered":"<p>Wunderbar gesunder B\u00e4rlauch, gut schmeckend, einfach zu verarbeiten, dort wo er w\u00e4chst gerne gleich massenhaft vorhanden &#8211; ein echtes Geschenk der Natur. Was sollen da l\u00e4stige Unkenrufe nach Vorsicht und m\u00f6glichen Verwechslungen. Der ge\u00fcbte B\u00e4rlauchfan lebt in der Gewissheit, die Bl\u00e4tter &#8222;praktisch blind&#8220; zu erkennen. Und das im wahrsten Sinne des Wortes: Sie riechen ja &hellip; <a href=\"http:\/\/www.saueregger.at\/?page_id=157\" class=\"more-link\"><span class=\"screen-reader-text\">&#8222;B\u00e4rlauch&#8220; <\/span>weiterlesen<\/a><\/p>\n","protected":false},"author":2,"featured_media":1042,"parent":0,"menu_order":0,"comment_status":"open","ping_status":"open","template":"","meta":[],"_links":{"self":[{"href":"http:\/\/www.saueregger.at\/index.php?rest_route=\/wp\/v2\/pages\/157"}],"collection":[{"href":"http:\/\/www.saueregger.at\/index.php?rest_route=\/wp\/v2\/pages"}],"about":[{"href":"http:\/\/www.saueregger.at\/index.php?rest_route=\/wp\/v2\/types\/page"}],"author":[{"embeddable":true,"href":"http:\/\/www.saueregger.at\/index.php?rest_route=\/wp\/v2\/users\/2"}],"replies":[{"embeddable":true,"href":"http:\/\/www.saueregger.at\/index.php?rest_route=%2Fwp%2Fv2%2Fcomments&post=157"}],"version-history":[{"count":13,"href":"http:\/\/www.saueregger.at\/index.php?rest_route=\/wp\/v2\/pages\/157\/revisions"}],"predecessor-version":[{"id":1043,"href":"http:\/\/www.saueregger.at\/index.php?rest_route=\/wp\/v2\/pages\/157\/revisions\/1043"}],"wp:featuredmedia":[{"embeddable":true,"href":"http:\/\/www.saueregger.at\/index.php?rest_route=\/wp\/v2\/media\/1042"}],"wp:attachment":[{"href":"http:\/\/www.saueregger.at\/index.php?rest_route=%2Fwp%2Fv2%2Fmedia&parent=157"}],"curies":[{"name":"wp","href":"https:\/\/api.w.org\/{rel}","templated":true}]}}